{"id":1307,"date":"2025-05-29T18:00:45","date_gmt":"2025-05-29T18:00:45","guid":{"rendered":"https:\/\/damosenelblanco.com\/hosting-gestionat\/"},"modified":"2025-05-29T18:41:12","modified_gmt":"2025-05-29T18:41:12","slug":"hosting-gestionat","status":"publish","type":"page","link":"https:\/\/damosenelblanco.com\/ca\/hosting-gestionat\/","title":{"rendered":"Hosting Gestionat"},"content":{"rendered":"\t\t<div data-elementor-type=\"wp-page\" data-elementor-id=\"1307\" class=\"elementor elementor-1307 elementor-1305\" data-elementor-post-type=\"page\">\n\t\t\t\t<div class=\"elementor-element elementor-element-663c5e7 e-flex e-con-boxed e-con e-parent\" data-id=\"663c5e7\" data-element_type=\"container\" data-e-type=\"container\">\n\t\t\t\t\t<div class=\"e-con-inner\">\n\t\t\t\t<div class=\"elementor-element elementor-element-f2ec4d9 elementor-widget elementor-widget-text-editor\" data-id=\"f2ec4d9\" data-element_type=\"widget\" data-e-type=\"widget\" data-widget_type=\"text-editor.default\">\n\t\t\t\t<div class=\"elementor-widget-container\">\n\t\t\t\t\t\t\t\t\t<p>\u00bf Busques un hosting r\u00e0pid, segur i sense complicacions? El nostre servei gestionat per a WordPress inclou servidor optimitzat, manteniment t\u00e8cnic, c\u00f2pies de seguretat di\u00e0ries i suport personalitzat.  <\/p>\t\t\t\t\t\t\t\t<\/div>\n\t\t\t\t<\/div>\n\t\t\t\t<div class=\"elementor-element elementor-element-b0c1e04 elementor-widget elementor-widget-heading\" data-id=\"b0c1e04\" data-element_type=\"widget\" data-e-type=\"widget\" data-widget_type=\"heading.default\">\n\t\t\t\t<div class=\"elementor-widget-container\">\n\t\t\t\t\t<h2 class=\"elementor-heading-title elementor-size-default\">Nom\u00e9s treballem amb instal\u00b7lacions allotjades als nostres propis servidors VPS, configurats a mida per a cada projecte. Aix\u00ed podem garantir el rendiment, la seguretat i la tranquil\u00b7litat que la teva web necessita. \n\n<\/h2>\t\t\t\t<\/div>\n\t\t\t\t<\/div>\n\t\t\t\t\t<\/div>\n\t\t\t\t<\/div>\n\t\t<div class=\"elementor-element elementor-element-92964cf e-flex e-con-boxed e-con e-parent\" data-id=\"92964cf\" data-element_type=\"container\" data-e-type=\"container\">\n\t\t\t\t\t<div class=\"e-con-inner\">\n\t\t<div class=\"elementor-element elementor-element-b2e6b4f e-con-full e-flex e-con e-child\" data-id=\"b2e6b4f\" data-element_type=\"container\" data-e-type=\"container\">\n\t\t\t\t<div class=\"elementor-element elementor-element-207f037 elementor-widget elementor-widget-text-editor\" data-id=\"207f037\" data-element_type=\"widget\" data-e-type=\"widget\" data-widget_type=\"text-editor.default\">\n\t\t\t\t<div class=\"elementor-widget-container\">\n\t\t\t\t\t\t\t\t\t<h3 data-start=\"839\" data-end=\"864\">A qui va dirigit?<\/h3>\t\t\t\t\t\t\t\t<\/div>\n\t\t\t\t<\/div>\n\t\t\t\t<div class=\"elementor-element elementor-element-e7e72a0 elementor-widget elementor-widget-text-editor\" data-id=\"e7e72a0\" data-element_type=\"widget\" data-e-type=\"widget\" data-widget_type=\"text-editor.default\">\n\t\t\t\t<div class=\"elementor-widget-container\">\n\t\t\t\t\t\t\t\t\t<p data-start=\"866\" data-end=\"1053\">A empreses, aut\u00f2noms, estudis, associacions o marques que necessiten una web r\u00e0pida, estable, segura i ben cuidada, sense haver de gestionar servidors ni actualitzar plugins els diumenges.<\/p><p data-start=\"1055\" data-end=\"1240\">Si has tingut problemes amb el teu hosting.<br data-start=\"1094\" data-end=\"1097\"> Si la teva web va lenta.<br data-start=\"1116\" data-end=\"1119\"> Si no saps qui s&#8217;encarrega de qu\u00e8.<br data-start=\"1155\" data-end=\"1158\"> Si el vostre prove\u00efdor no respon.<br data-start=\"1186\" data-end=\"1189\"> O simplement vols oblidar-te de tot all\u00f2 t\u00e8cnic\u2026<\/p><p data-start=\"1242\" data-end=\"1277\">Aquest servei est\u00e0 pensat per a tu.<\/p>\t\t\t\t\t\t\t\t<\/div>\n\t\t\t\t<\/div>\n\t\t\t\t<\/div>\n\t\t<div class=\"elementor-element elementor-element-a74fbf0 e-con-full e-flex e-con e-child\" data-id=\"a74fbf0\" data-element_type=\"container\" data-e-type=\"container\">\n\t\t\t\t<\/div>\n\t\t\t\t\t<\/div>\n\t\t\t\t<\/div>\n\t\t<div class=\"elementor-element elementor-element-2397732 e-flex e-con-boxed e-con e-parent\" data-id=\"2397732\" data-element_type=\"container\" data-e-type=\"container\">\n\t\t\t\t\t<div class=\"e-con-inner\">\n\t\t<div class=\"elementor-element elementor-element-24aa5fc e-con-full e-flex e-con e-child\" data-id=\"24aa5fc\" data-element_type=\"container\" data-e-type=\"container\">\n\t\t\t\t<\/div>\n\t\t<div class=\"elementor-element elementor-element-21f3e44 e-con-full e-flex e-con e-child\" data-id=\"21f3e44\" data-element_type=\"container\" data-e-type=\"container\">\n\t\t\t\t<div class=\"elementor-element elementor-element-5771d08 elementor-widget elementor-widget-text-editor\" data-id=\"5771d08\" data-element_type=\"widget\" data-e-type=\"widget\" data-widget_type=\"text-editor.default\">\n\t\t\t\t<div class=\"elementor-widget-container\">\n\t\t\t\t\t\t\t\t\t<h2 data-start=\"1284\" data-end=\"1312\">Qu\u00e8 inclou el servei?<\/h2>\t\t\t\t\t\t\t\t<\/div>\n\t\t\t\t<\/div>\n\t\t\t\t<div class=\"elementor-element elementor-element-61c69cc elementor-widget elementor-widget-text-editor\" data-id=\"61c69cc\" data-element_type=\"widget\" data-e-type=\"widget\" data-widget_type=\"text-editor.default\">\n\t\t\t\t<div class=\"elementor-widget-container\">\n\t\t\t\t\t\t\t\t\t<ul data-start=\"1314\" data-end=\"2055\"><li data-start=\"1314\" data-end=\"1371\"><p data-start=\"1316\" data-end=\"1371\">Servidor VPS amb recursos dedicats per a la teva instal\u00b7laci\u00f3<\/p><\/li><li data-start=\"1372\" data-end=\"1427\"><p data-start=\"1374\" data-end=\"1427\">Allotjament optimitzat espec\u00edficament per a WordPress<\/p><\/li><li data-start=\"1428\" data-end=\"1470\"><p data-start=\"1430\" data-end=\"1470\">Migraci\u00f3 o instal\u00b7laci\u00f3 inicial inclosa<\/p><\/li><li data-start=\"1471\" data-end=\"1530\"><p data-start=\"1473\" data-end=\"1530\">Actualitzacions controlades de WordPress, plugins i temes<\/p><\/li><li data-start=\"1531\" data-end=\"1605\"><p data-start=\"1533\" data-end=\"1605\">Revisi\u00f3 pr\u00e8via de la instal\u00b7laci\u00f3 (res de plugins pirata ni embolics rars)<\/p><\/li><li data-start=\"1606\" data-end=\"1687\"><p data-start=\"1608\" data-end=\"1687\">Backups autom\u00e0tics diaris, amb possibilitat de restauraci\u00f3 completa o parcial<\/p><\/li><li data-start=\"1688\" data-end=\"1749\"><p data-start=\"1690\" data-end=\"1749\">Monitoritzaci\u00f3 activa del rendiment i consum de recursos<\/p><\/li><li data-start=\"1750\" data-end=\"1805\"><p data-start=\"1752\" data-end=\"1805\">Optimitzaci\u00f3 t\u00e8cnica i configuraci\u00f3 inicial a mida<\/p><\/li><li data-start=\"1806\" data-end=\"1860\"><p data-start=\"1808\" data-end=\"1860\">Suport t\u00e8cnic continu per a incid\u00e8ncies raonables<\/p><\/li><li data-start=\"1861\" data-end=\"1909\"><p data-start=\"1863\" data-end=\"1909\">Seguretat activa i protecci\u00f3 davant d&#8217;atacs<\/p><\/li><li data-start=\"1910\" data-end=\"1994\"><p data-start=\"1912\" data-end=\"1994\">Neteja gratu\u00efta en cas d&#8217;hackeig (sempre que la instal\u00b7laci\u00f3 estigui amb nosaltres)<\/p><\/li><li data-start=\"1995\" data-end=\"2055\"><p data-start=\"1997\" data-end=\"2055\">Acc\u00e9s opcional al tauler de control Plesk, si ho necessites<\/p><\/li><\/ul>\t\t\t\t\t\t\t\t<\/div>\n\t\t\t\t<\/div>\n\t\t\t\t<\/div>\n\t\t\t\t\t<\/div>\n\t\t\t\t<\/div>\n\t\t\t\t<\/div>\n\t\t","protected":false},"excerpt":{"rendered":"<p>\u00bf Busques un hosting r\u00e0pid, segur i sense complicacions? El nostre servei gestionat per a WordPress inclou servidor optimitzat, manteniment t\u00e8cnic, c\u00f2pies de seguretat di\u00e0ries i suport personalitzat. Nom\u00e9s treballem amb instal\u00b7lacions allotjades als nostres propis servidors VPS, configurats a mida per a cada projecte. Aix\u00ed podem garantir el rendiment, la seguretat i la tranquil\u00b7litat [&hellip;]<\/p>\n","protected":false},"author":1,"featured_media":0,"parent":0,"menu_order":0,"comment_status":"closed","ping_status":"closed","template":"","meta":{"footnotes":""},"class_list":["post-1307","page","type-page","status-publish","hentry"],"acf":[],"_links":{"self":[{"href":"https:\/\/damosenelblanco.com\/ca\/wp-json\/wp\/v2\/pages\/1307","targetHints":{"allow":["GET"]}}],"collection":[{"href":"https:\/\/damosenelblanco.com\/ca\/wp-json\/wp\/v2\/pages"}],"about":[{"href":"https:\/\/damosenelblanco.com\/ca\/wp-json\/wp\/v2\/types\/page"}],"author":[{"embeddable":true,"href":"https:\/\/damosenelblanco.com\/ca\/wp-json\/wp\/v2\/users\/1"}],"replies":[{"embeddable":true,"href":"https:\/\/damosenelblanco.com\/ca\/wp-json\/wp\/v2\/comments?post=1307"}],"version-history":[{"count":2,"href":"https:\/\/damosenelblanco.com\/ca\/wp-json\/wp\/v2\/pages\/1307\/revisions"}],"predecessor-version":[{"id":1317,"href":"https:\/\/damosenelblanco.com\/ca\/wp-json\/wp\/v2\/pages\/1307\/revisions\/1317"}],"wp:attachment":[{"href":"https:\/\/damosenelblanco.com\/ca\/wp-json\/wp\/v2\/media?parent=1307"}],"curies":[{"name":"wp","href":"https:\/\/api.w.org\/{rel}","templated":true}]}}