{"id":1030,"date":"2025-01-06T11:40:09","date_gmt":"2025-01-06T11:40:09","guid":{"rendered":"https:\/\/damosenelblanco.com\/nosaltres\/"},"modified":"2025-08-29T17:30:33","modified_gmt":"2025-08-29T17:30:33","slug":"nosaltres","status":"publish","type":"page","link":"https:\/\/damosenelblanco.com\/ca\/nosaltres\/","title":{"rendered":"Nosaltres"},"content":{"rendered":"\t\t<div data-elementor-type=\"wp-page\" data-elementor-id=\"1030\" class=\"elementor elementor-1030 elementor-122\" data-elementor-post-type=\"page\">\n\t\t\t\t<div class=\"elementor-element elementor-element-3c694ed e-flex e-con-boxed e-con e-parent\" data-id=\"3c694ed\" data-element_type=\"container\" data-e-type=\"container\">\n\t\t\t\t\t<div class=\"e-con-inner\">\n\t\t\t\t<div class=\"elementor-element elementor-element-340bc9b elementor-widget elementor-widget-text-editor\" data-id=\"340bc9b\" data-element_type=\"widget\" data-e-type=\"widget\" data-widget_type=\"text-editor.default\">\n\t\t\t\t<div class=\"elementor-widget-container\">\n\t\t\t\t\t\t\t\t\tPortem m\u00e9s de 10 anys donant canya a la innovaci\u00f3 i guanyant-nos la confian\u00e7a dels qui aposten per nosaltres. Treballem colze a colze amb partners incre\u00efbles per portar cada projecte a un altre nivell. Des de grans empreses fins a administracions p\u00fabliques, els qui han confiat en nosaltres saben que transformem idees en solucions que realment marquen la difer\u00e8ncia.  \t\t\t\t\t\t\t\t<\/div>\n\t\t\t\t<\/div>\n\t\t\t\t\t<\/div>\n\t\t\t\t<\/div>\n\t\t<div class=\"elementor-element elementor-element-b97fa78 e-flex e-con-boxed e-con e-parent\" data-id=\"b97fa78\" data-element_type=\"container\" data-e-type=\"container\">\n\t\t\t\t\t<div class=\"e-con-inner\">\n\t\t\t\t<div class=\"elementor-element elementor-element-69e97ed elementor-widget elementor-widget-text-editor\" data-id=\"69e97ed\" data-element_type=\"widget\" data-e-type=\"widget\" data-widget_type=\"text-editor.default\">\n\t\t\t\t<div class=\"elementor-widget-container\">\n\t\t\t\t\t\t\t\t\t<p>L&#8217;equip:<\/p>\t\t\t\t\t\t\t\t<\/div>\n\t\t\t\t<\/div>\n\t\t\t\t\t<\/div>\n\t\t\t\t<\/div>\n\t\t<div class=\"elementor-element elementor-element-d56f2bf e-flex e-con-boxed e-con e-parent\" data-id=\"d56f2bf\" data-element_type=\"container\" data-e-type=\"container\">\n\t\t\t\t\t<div class=\"e-con-inner\">\n\t\t<div class=\"elementor-element elementor-element-e073f04 e-con-full e-flex e-con e-child\" data-id=\"e073f04\" data-element_type=\"container\" data-e-type=\"container\">\n\t\t\t\t<div class=\"elementor-element elementor-element-3aba7aa elementor-widget elementor-widget-image\" data-id=\"3aba7aa\" data-element_type=\"widget\" data-e-type=\"widget\" data-widget_type=\"image.default\">\n\t\t\t\t<div class=\"elementor-widget-container\">\n\t\t\t\t\t\t\t\t\t\t\t\t\t\t\t<img fetchpriority=\"high\" decoding=\"async\" width=\"683\" height=\"1024\" src=\"https:\/\/damosenelblanco.com\/wp-content\/uploads\/2025\/04\/NYC-4-69-683x1024.jpg\" class=\"attachment-large size-large wp-image-1144\" alt=\"\" srcset=\"https:\/\/damosenelblanco.com\/wp-content\/uploads\/2025\/04\/NYC-4-69-683x1024.jpg 683w, https:\/\/damosenelblanco.com\/wp-content\/uploads\/2025\/04\/NYC-4-69-200x300.jpg 200w, https:\/\/damosenelblanco.com\/wp-content\/uploads\/2025\/04\/NYC-4-69-768x1152.jpg 768w, https:\/\/damosenelblanco.com\/wp-content\/uploads\/2025\/04\/NYC-4-69-1024x1536.jpg 1024w, https:\/\/damosenelblanco.com\/wp-content\/uploads\/2025\/04\/NYC-4-69-1365x2048.jpg 1365w, https:\/\/damosenelblanco.com\/wp-content\/uploads\/2025\/04\/NYC-4-69-scaled.jpg 1706w\" sizes=\"(max-width: 683px) 100vw, 683px\" \/>\t\t\t\t\t\t\t\t\t\t\t\t\t\t\t<\/div>\n\t\t\t\t<\/div>\n\t\t\t\t<\/div>\n\t\t<div class=\"elementor-element elementor-element-efa981b e-con-full e-flex e-con e-child\" data-id=\"efa981b\" data-element_type=\"container\" data-e-type=\"container\">\n\t\t\t\t<div class=\"elementor-element elementor-element-4f0a0d8 elementor-widget elementor-widget-heading\" data-id=\"4f0a0d8\" data-element_type=\"widget\" data-e-type=\"widget\" data-widget_type=\"heading.default\">\n\t\t\t\t<div class=\"elementor-widget-container\">\n\t\t\t\t\t<h2 class=\"elementor-heading-title elementor-size-default\">Humbert Blanco i Quintanilla<\/h2>\t\t\t\t<\/div>\n\t\t\t\t<\/div>\n\t\t\t\t<div class=\"elementor-element elementor-element-e2ae347 elementor-widget elementor-widget-heading\" data-id=\"e2ae347\" data-element_type=\"widget\" data-e-type=\"widget\" data-widget_type=\"heading.default\">\n\t\t\t\t<div class=\"elementor-widget-container\">\n\t\t\t\t\t<h2 class=\"elementor-heading-title elementor-size-default\">Founder &amp; Digital Business Designer<\/h2>\t\t\t\t<\/div>\n\t\t\t\t<\/div>\n\t\t\t\t<div class=\"elementor-element elementor-element-4840642 elementor-widget elementor-widget-text-editor\" data-id=\"4840642\" data-element_type=\"widget\" data-e-type=\"widget\" data-widget_type=\"text-editor.default\">\n\t\t\t\t<div class=\"elementor-widget-container\">\n\t\t\t\t\t\t\t\t\t<p class=\"\" data-start=\"310\" data-end=\"466\">S\u00f3c Humbert, i fa anys que he ficat en aquest m\u00f3n on es barregen codi, disseny, estrat\u00e8gia i una mica de cafe\u00efna. Vaig comen\u00e7ar per curiositat, em vaig quedar per passi\u00f3. <\/p>\n<p class=\"\" data-start=\"468\" data-end=\"752\">He llan\u00e7at startups, ajudat a marques a destacar i constru\u00eft projectes que van des de webs amb \u00e0nima fins a sistemes t\u00e8cnics que aguanten el que els facis fora.<br><br data-start=\"622\" data-end=\"625\"> A <strong data-start=\"628\" data-end=\"650\">Donem al Blanco<\/strong> no venem fum: fem webs, marques i solucions digitals que connecten, funcionen i deixen empremta.<\/p>\n<p class=\"\" data-start=\"754\" data-end=\"895\">Treballem amb clients que no es conformen. Que volen fer soroll (del bo), per\u00f2 amb cap. Que busquen destacar, per\u00f2 sense disfressar-se.  <\/p>\t\t\t\t\t\t\t\t<\/div>\n\t\t\t\t<\/div>\n\t\t\t\t<\/div>\n\t\t\t\t\t<\/div>\n\t\t\t\t<\/div>\n\t\t<div class=\"elementor-element elementor-element-fd91a1e e-flex e-con-boxed e-con e-parent\" data-id=\"fd91a1e\" data-element_type=\"container\" data-e-type=\"container\">\n\t\t\t\t\t<div class=\"e-con-inner\">\n\t\t<div class=\"elementor-element elementor-element-7056422 e-con-full e-flex e-con e-child\" data-id=\"7056422\" data-element_type=\"container\" data-e-type=\"container\">\n\t\t\t\t<div class=\"elementor-element elementor-element-0138dd9 elementor-widget elementor-widget-heading\" data-id=\"0138dd9\" data-element_type=\"widget\" data-e-type=\"widget\" data-widget_type=\"heading.default\">\n\t\t\t\t<div class=\"elementor-widget-container\">\n\t\t\t\t\t<h2 class=\"elementor-heading-title elementor-size-default\">Llu\u00eds Tarr\u00e9s<\/h2>\t\t\t\t<\/div>\n\t\t\t\t<\/div>\n\t\t\t\t<div class=\"elementor-element elementor-element-d0e0041 elementor-widget elementor-widget-text-editor\" data-id=\"d0e0041\" data-element_type=\"widget\" data-e-type=\"widget\" data-widget_type=\"text-editor.default\">\n\t\t\t\t<div class=\"elementor-widget-container\">\n\t\t\t\t\t\t\t\t\t<p data-start=\"371\" data-end=\"604\">Soci i partner a l&#8217;\u00e0rea de fotografia i esdeveniments. Gestiona activament en la producci\u00f3 i la coordinaci\u00f3 d&#8217;esdeveniments. A m\u00e9s d&#8217;aportar-ne la visi\u00f3 com a fot\u00f2graf institucional.    <\/p>\t\t\t\t\t\t\t\t<\/div>\n\t\t\t\t<\/div>\n\t\t\t\t<\/div>\n\t\t<div class=\"elementor-element elementor-element-878d921 e-con-full e-flex e-con e-child\" data-id=\"878d921\" data-element_type=\"container\" data-e-type=\"container\">\n\t\t\t\t<div class=\"elementor-element elementor-element-4da862b elementor-widget elementor-widget-heading\" data-id=\"4da862b\" data-element_type=\"widget\" data-e-type=\"widget\" data-widget_type=\"heading.default\">\n\t\t\t\t<div class=\"elementor-widget-container\">\n\t\t\t\t\t<h2 class=\"elementor-heading-title elementor-size-default\">J\u00falia Brey<\/h2>\t\t\t\t<\/div>\n\t\t\t\t<\/div>\n\t\t\t\t<div class=\"elementor-element elementor-element-5fd4f0f elementor-widget elementor-widget-text-editor\" data-id=\"5fd4f0f\" data-element_type=\"widget\" data-e-type=\"widget\" data-widget_type=\"text-editor.default\">\n\t\t\t\t<div class=\"elementor-widget-container\">\n\t\t\t\t\t\t\t\t\t<p class=\"\" data-start=\"60\" data-end=\"286\">Experta en comunicaci\u00f3 digital. Graduada en Comunicaci\u00f3 i Ind\u00fastries Culturals, connecta marques amb persones mitjan\u00e7ant idees que importen i missatges que arriben. Estrat\u00e8gia amb \u00e0nima i contingut amb sentit.<\/p>\t\t\t\t\t\t\t\t<\/div>\n\t\t\t\t<\/div>\n\t\t\t\t<\/div>\n\t\t<div class=\"elementor-element elementor-element-c47af46 e-con-full e-flex e-con e-child\" data-id=\"c47af46\" data-element_type=\"container\" data-e-type=\"container\">\n\t\t\t\t<div class=\"elementor-element elementor-element-465dbc5 elementor-widget elementor-widget-heading\" data-id=\"465dbc5\" data-element_type=\"widget\" data-e-type=\"widget\" data-widget_type=\"heading.default\">\n\t\t\t\t<div class=\"elementor-widget-container\">\n\t\t\t\t\t<h2 class=\"elementor-heading-title elementor-size-default\">Alex Mir\u00f3<\/h2>\t\t\t\t<\/div>\n\t\t\t\t<\/div>\n\t\t\t\t<div class=\"elementor-element elementor-element-1c761a5 elementor-widget elementor-widget-text-editor\" data-id=\"1c761a5\" data-element_type=\"widget\" data-e-type=\"widget\" data-widget_type=\"text-editor.default\">\n\t\t\t\t<div class=\"elementor-widget-container\">\n\t\t\t\t\t\t\t\t\t<p data-start=\"157\" data-end=\"350\">Fot\u00f2graf i vide\u00f2graf especialitzat en actes institucionals i de producte. Ha treballat amb diferents clients capturant l\u00b4ess\u00e8ncia de cada projecte, aportant sempre un estil proper i professional. <\/p><h3 data-start=\"352\" data-end=\"370\"> <\/h3>\t\t\t\t\t\t\t\t<\/div>\n\t\t\t\t<\/div>\n\t\t\t\t<\/div>\n\t\t<div class=\"elementor-element elementor-element-ae559fd e-con-full e-flex e-con e-child\" data-id=\"ae559fd\" data-element_type=\"container\" data-e-type=\"container\">\n\t\t\t\t<div class=\"elementor-element elementor-element-e8116bd elementor-widget elementor-widget-heading\" data-id=\"e8116bd\" data-element_type=\"widget\" data-e-type=\"widget\" data-widget_type=\"heading.default\">\n\t\t\t\t<div class=\"elementor-widget-container\">\n\t\t\t\t\t<h2 class=\"elementor-heading-title elementor-size-default\">David Garcia<\/h2>\t\t\t\t<\/div>\n\t\t\t\t<\/div>\n\t\t\t\t<div class=\"elementor-element elementor-element-0c2be85 elementor-widget elementor-widget-text-editor\" data-id=\"0c2be85\" data-element_type=\"widget\" data-e-type=\"widget\" data-widget_type=\"text-editor.default\">\n\t\t\t\t<div class=\"elementor-widget-container\">\n\t\t\t\t\t\t\t\t\t<p class=\"\" data-start=\"310\" data-end=\"466\">Dissenyador j\u00fanior amb gana de p\u00edxel perfecte. Sempre aprenent, sempre aportant. Li posa cura a cada detall i ganes a cada repte.<\/p>\t\t\t\t\t\t\t\t<\/div>\n\t\t\t\t<\/div>\n\t\t\t\t<\/div>\n\t\t<div class=\"elementor-element elementor-element-2b040a8 e-con-full e-flex e-con e-child\" data-id=\"2b040a8\" data-element_type=\"container\" data-e-type=\"container\">\n\t\t\t\t<\/div>\n\t\t<div class=\"elementor-element elementor-element-87f6640 e-con-full e-flex e-con e-child\" data-id=\"87f6640\" data-element_type=\"container\" data-e-type=\"container\">\n\t\t\t\t<\/div>\n\t\t\t\t\t<\/div>\n\t\t\t\t<\/div>\n\t\t<div class=\"elementor-element elementor-element-c789408 e-flex e-con-boxed e-con e-parent\" data-id=\"c789408\" data-element_type=\"container\" data-e-type=\"container\">\n\t\t\t\t\t<div class=\"e-con-inner\">\n\t\t<div class=\"elementor-element elementor-element-83602c0 e-con-full e-flex e-con e-child\" data-id=\"83602c0\" data-element_type=\"container\" data-e-type=\"container\">\n\t\t\t\t<div class=\"elementor-element elementor-element-78e7995 elementor-widget elementor-widget-image\" data-id=\"78e7995\" data-element_type=\"widget\" data-e-type=\"widget\" data-widget_type=\"image.default\">\n\t\t\t\t<div class=\"elementor-widget-container\">\n\t\t\t\t\t\t\t\t\t\t\t\t\t\t\t<img decoding=\"async\" width=\"800\" height=\"800\" src=\"https:\/\/damosenelblanco.com\/wp-content\/uploads\/2025\/04\/image-12.png\" class=\"attachment-large size-large wp-image-1164\" alt=\"\" srcset=\"https:\/\/damosenelblanco.com\/wp-content\/uploads\/2025\/04\/image-12.png 1024w, https:\/\/damosenelblanco.com\/wp-content\/uploads\/2025\/04\/image-12-300x300.png 300w, https:\/\/damosenelblanco.com\/wp-content\/uploads\/2025\/04\/image-12-150x150.png 150w, https:\/\/damosenelblanco.com\/wp-content\/uploads\/2025\/04\/image-12-768x768.png 768w\" sizes=\"(max-width: 800px) 100vw, 800px\" \/>\t\t\t\t\t\t\t\t\t\t\t\t\t\t\t<\/div>\n\t\t\t\t<\/div>\n\t\t\t\t<\/div>\n\t\t<div class=\"elementor-element elementor-element-5d325a3 e-con-full e-flex e-con e-child\" data-id=\"5d325a3\" data-element_type=\"container\" data-e-type=\"container\">\n\t\t\t\t<div class=\"elementor-element elementor-element-3cda4e1 elementor-widget elementor-widget-text-editor\" data-id=\"3cda4e1\" data-element_type=\"widget\" data-e-type=\"widget\" data-widget_type=\"text-editor.default\">\n\t\t\t\t<div class=\"elementor-widget-container\">\n\t\t\t\t\t\t\t\t\t<p>1. Ens fiquem a la cuina<\/p>\t\t\t\t\t\t\t\t<\/div>\n\t\t\t\t<\/div>\n\t\t\t\t<div class=\"elementor-element elementor-element-73fcded elementor-widget elementor-widget-text-editor\" data-id=\"73fcded\" data-element_type=\"widget\" data-e-type=\"widget\" data-widget_type=\"text-editor.default\">\n\t\t\t\t<div class=\"elementor-widget-container\">\n\t\t\t\t\t\t\t\t\t<p class=\"\" data-start=\"163\" data-end=\"426\">Ens agrada ficar-nos fins a la cuina. Entendre el projecte des de dins, implicar-nos a cada fase i formar part real del proc\u00e9s. Si no ens emociona, no ho fem. Cada entrega ha de funcionar, veure b\u00e9 i deixar empremta.   <\/p>\t\t\t\t\t\t\t\t<\/div>\n\t\t\t\t<\/div>\n\t\t\t\t<\/div>\n\t\t\t\t\t<\/div>\n\t\t\t\t<\/div>\n\t\t<div class=\"elementor-element elementor-element-923233d e-flex e-con-boxed e-con e-parent\" data-id=\"923233d\" data-element_type=\"container\" data-e-type=\"container\">\n\t\t\t\t\t<div class=\"e-con-inner\">\n\t\t<div class=\"elementor-element elementor-element-59f5bce e-con-full e-flex e-con e-child\" data-id=\"59f5bce\" data-element_type=\"container\" data-e-type=\"container\">\n\t\t\t\t<div class=\"elementor-element elementor-element-35e281a elementor-widget elementor-widget-text-editor\" data-id=\"35e281a\" data-element_type=\"widget\" data-e-type=\"widget\" data-widget_type=\"text-editor.default\">\n\t\t\t\t<div class=\"elementor-widget-container\">\n\t\t\t\t\t\t\t\t\t<p>2. No volem clients, volem socis<\/p>\t\t\t\t\t\t\t\t<\/div>\n\t\t\t\t<\/div>\n\t\t\t\t<div class=\"elementor-element elementor-element-2b4d9e8 elementor-widget elementor-widget-text-editor\" data-id=\"2b4d9e8\" data-element_type=\"widget\" data-e-type=\"widget\" data-widget_type=\"text-editor.default\">\n\t\t\t\t<div class=\"elementor-widget-container\">\n\t\t\t\t\t\t\t\t\t<p class=\"\" data-start=\"163\" data-end=\"426\">Aqu\u00ed no signem enc\u00e0rrecs, teixim aliances. Volem ser part del teu equip, sumar-hi visi\u00f3, estrat\u00e8gia i ganes a llarg termini. Si ens tries, que sigui amb tot. I si anem junts, que sigui de deb\u00f2.   <\/p>\t\t\t\t\t\t\t\t<\/div>\n\t\t\t\t<\/div>\n\t\t\t\t<\/div>\n\t\t<div class=\"elementor-element elementor-element-ba8766a e-con-full e-flex e-con e-child\" data-id=\"ba8766a\" data-element_type=\"container\" data-e-type=\"container\">\n\t\t\t\t<div class=\"elementor-element elementor-element-12fc96c elementor-widget elementor-widget-image\" data-id=\"12fc96c\" data-element_type=\"widget\" data-e-type=\"widget\" data-widget_type=\"image.default\">\n\t\t\t\t<div class=\"elementor-widget-container\">\n\t\t\t\t\t\t\t\t\t\t\t\t\t\t\t<img decoding=\"async\" width=\"800\" height=\"800\" src=\"https:\/\/damosenelblanco.com\/wp-content\/uploads\/2025\/04\/image-16.png\" class=\"attachment-large size-large wp-image-1179\" alt=\"\" srcset=\"https:\/\/damosenelblanco.com\/wp-content\/uploads\/2025\/04\/image-16.png 1024w, https:\/\/damosenelblanco.com\/wp-content\/uploads\/2025\/04\/image-16-300x300.png 300w, https:\/\/damosenelblanco.com\/wp-content\/uploads\/2025\/04\/image-16-150x150.png 150w, https:\/\/damosenelblanco.com\/wp-content\/uploads\/2025\/04\/image-16-768x768.png 768w\" sizes=\"(max-width: 800px) 100vw, 800px\" \/>\t\t\t\t\t\t\t\t\t\t\t\t\t\t\t<\/div>\n\t\t\t\t<\/div>\n\t\t\t\t<\/div>\n\t\t\t\t\t<\/div>\n\t\t\t\t<\/div>\n\t\t<div class=\"elementor-element elementor-element-02beb17 e-flex e-con-boxed e-con e-parent\" data-id=\"02beb17\" data-element_type=\"container\" data-e-type=\"container\">\n\t\t\t\t\t<div class=\"e-con-inner\">\n\t\t<div class=\"elementor-element elementor-element-56f48ea e-con-full e-flex e-con e-child\" data-id=\"56f48ea\" data-element_type=\"container\" data-e-type=\"container\">\n\t\t\t\t<div class=\"elementor-element elementor-element-f12677a elementor-widget elementor-widget-image\" data-id=\"f12677a\" data-element_type=\"widget\" data-e-type=\"widget\" data-widget_type=\"image.default\">\n\t\t\t\t<div class=\"elementor-widget-container\">\n\t\t\t\t\t\t\t\t\t\t\t\t\t\t\t<img loading=\"lazy\" decoding=\"async\" width=\"800\" height=\"800\" src=\"https:\/\/damosenelblanco.com\/wp-content\/uploads\/2025\/04\/image-17.png\" class=\"attachment-large size-large wp-image-1182\" alt=\"\" srcset=\"https:\/\/damosenelblanco.com\/wp-content\/uploads\/2025\/04\/image-17.png 1024w, https:\/\/damosenelblanco.com\/wp-content\/uploads\/2025\/04\/image-17-300x300.png 300w, https:\/\/damosenelblanco.com\/wp-content\/uploads\/2025\/04\/image-17-150x150.png 150w, https:\/\/damosenelblanco.com\/wp-content\/uploads\/2025\/04\/image-17-768x768.png 768w\" sizes=\"(max-width: 800px) 100vw, 800px\" \/>\t\t\t\t\t\t\t\t\t\t\t\t\t\t\t<\/div>\n\t\t\t\t<\/div>\n\t\t\t\t<\/div>\n\t\t<div class=\"elementor-element elementor-element-4edcf23 e-con-full e-flex e-con e-child\" data-id=\"4edcf23\" data-element_type=\"container\" data-e-type=\"container\">\n\t\t\t\t<div class=\"elementor-element elementor-element-afc54b6 elementor-widget elementor-widget-text-editor\" data-id=\"afc54b6\" data-element_type=\"widget\" data-e-type=\"widget\" data-widget_type=\"text-editor.default\">\n\t\t\t\t<div class=\"elementor-widget-container\">\n\t\t\t\t\t\t\t\t\t<p class=\"\" data-start=\"117\" data-end=\"329\">3. No fem lliuraments, constru\u00efm relacions<\/p>\t\t\t\t\t\t\t\t<\/div>\n\t\t\t\t<\/div>\n\t\t\t\t<div class=\"elementor-element elementor-element-04d103c elementor-widget elementor-widget-text-editor\" data-id=\"04d103c\" data-element_type=\"widget\" data-e-type=\"widget\" data-widget_type=\"text-editor.default\">\n\t\t\t\t<div class=\"elementor-widget-container\">\n\t\t\t\t\t\t\t\t\t<p class=\"\" data-start=\"117\" data-end=\"329\">Ens importa que el projecte funcioni avui, dem\u00e0 i dem\u00e0 passat. Donem seguiment, adaptem i seguim al teu costat quan ho necessites. Aix\u00f2 va de construir, no nom\u00e9s de lliurar.  <\/p>\t\t\t\t\t\t\t\t<\/div>\n\t\t\t\t<\/div>\n\t\t\t\t<\/div>\n\t\t\t\t\t<\/div>\n\t\t\t\t<\/div>\n\t\t\t\t<\/div>\n\t\t","protected":false},"excerpt":{"rendered":"<p>Portem m\u00e9s de 10 anys donant canya a la innovaci\u00f3 i guanyant-nos la confian\u00e7a dels qui aposten per nosaltres. Treballem colze a colze amb partners incre\u00efbles per portar cada projecte a un altre nivell. Des de grans empreses fins a administracions p\u00fabliques, els qui han confiat en nosaltres saben que transformem idees en solucions que [&hellip;]<\/p>\n","protected":false},"author":1,"featured_media":0,"parent":0,"menu_order":0,"comment_status":"closed","ping_status":"closed","template":"","meta":{"footnotes":""},"class_list":["post-1030","page","type-page","status-publish","hentry"],"acf":[],"_links":{"self":[{"href":"https:\/\/damosenelblanco.com\/ca\/wp-json\/wp\/v2\/pages\/1030","targetHints":{"allow":["GET"]}}],"collection":[{"href":"https:\/\/damosenelblanco.com\/ca\/wp-json\/wp\/v2\/pages"}],"about":[{"href":"https:\/\/damosenelblanco.com\/ca\/wp-json\/wp\/v2\/types\/page"}],"author":[{"embeddable":true,"href":"https:\/\/damosenelblanco.com\/ca\/wp-json\/wp\/v2\/users\/1"}],"replies":[{"embeddable":true,"href":"https:\/\/damosenelblanco.com\/ca\/wp-json\/wp\/v2\/comments?post=1030"}],"version-history":[{"count":18,"href":"https:\/\/damosenelblanco.com\/ca\/wp-json\/wp\/v2\/pages\/1030\/revisions"}],"predecessor-version":[{"id":1399,"href":"https:\/\/damosenelblanco.com\/ca\/wp-json\/wp\/v2\/pages\/1030\/revisions\/1399"}],"wp:attachment":[{"href":"https:\/\/damosenelblanco.com\/ca\/wp-json\/wp\/v2\/media?parent=1030"}],"curies":[{"name":"wp","href":"https:\/\/api.w.org\/{rel}","templated":true}]}}