{"id":1020,"date":"2025-01-06T11:40:13","date_gmt":"2025-01-06T11:40:13","guid":{"rendered":"https:\/\/damosenelblanco.com\/serveis\/"},"modified":"2026-02-12T14:06:37","modified_gmt":"2026-02-12T14:06:37","slug":"serveis","status":"publish","type":"page","link":"https:\/\/damosenelblanco.com\/ca\/serveis\/","title":{"rendered":"Serveis"},"content":{"rendered":"\t\t<div data-elementor-type=\"wp-page\" data-elementor-id=\"1020\" class=\"elementor elementor-1020 elementor-120\" data-elementor-post-type=\"page\">\n\t\t\t\t<div class=\"elementor-element elementor-element-e967d98 e-flex e-con-boxed e-con e-parent\" data-id=\"e967d98\" data-element_type=\"container\">\n\t\t\t\t\t<div class=\"e-con-inner\">\n\t\t\t\t<div class=\"elementor-element elementor-element-fbb8931 elementor-widget elementor-widget-text-editor\" data-id=\"fbb8931\" data-element_type=\"widget\" data-widget_type=\"text-editor.default\">\n\t\t\t\t<div class=\"elementor-widget-container\">\n\t\t\t\t\t\t\t\t\t<p>Oferim un portafoli complet de serveis dissenyats per impulsar la teva marca, negoci o organitzaci\u00f3 al seg\u00fcent nivell. Des del disseny de llocs web impactants fins a la creaci\u00f3 d&#8217;identitats de marca memorables, combinem creativitat, tecnologia i estrat\u00e8gia per obtenir resultats excepcionals.  <\/p>\t\t\t\t\t\t\t\t<\/div>\n\t\t\t\t<\/div>\n\t\t\t\t\t<\/div>\n\t\t\t\t<\/div>\n\t\t<div class=\"elementor-element elementor-element-a55ae4d e-con-full e-flex elementor-invisible e-con e-parent\" data-id=\"a55ae4d\" data-element_type=\"container\" data-settings=\"{&quot;animation&quot;:&quot;fadeIn&quot;}\">\n\t\t\t\t<div class=\"elementor-element elementor-element-4651a75 elementor-widget-divider--view-line elementor-widget elementor-widget-divider\" data-id=\"4651a75\" data-element_type=\"widget\" data-widget_type=\"divider.default\">\n\t\t\t\t<div class=\"elementor-widget-container\">\n\t\t\t\t\t\t\t<div class=\"elementor-divider\">\n\t\t\t<span class=\"elementor-divider-separator\">\n\t\t\t\t\t\t<\/span>\n\t\t<\/div>\n\t\t\t\t\t\t<\/div>\n\t\t\t\t<\/div>\n\t\t<div class=\"elementor-element elementor-element-03d2fea e-con-full e-flex e-con e-child\" data-id=\"03d2fea\" data-element_type=\"container\">\n\t\t<div class=\"elementor-element elementor-element-dca7c5e e-con-full e-flex e-con e-child\" data-id=\"dca7c5e\" data-element_type=\"container\">\n\t\t\t\t<div class=\"elementor-element elementor-element-eb8db89 elementor-view-default elementor-widget elementor-widget-icon\" data-id=\"eb8db89\" data-element_type=\"widget\" data-widget_type=\"icon.default\">\n\t\t\t\t<div class=\"elementor-widget-container\">\n\t\t\t\t\t\t\t<div class=\"elementor-icon-wrapper\">\n\t\t\t<div class=\"elementor-icon\">\n\t\t\t<svg xmlns=\"http:\/\/www.w3.org\/2000\/svg\" id=\"Layer_1\" data-name=\"Layer 1\" viewBox=\"0 0 24 24\"><path d=\"m4.5,15h8c.827,0,1.5-.673,1.5-1.5v-1c0-.827-.673-1.5-1.5-1.5H4.5c-.827,0-1.5.673-1.5,1.5v1c0,.827.673,1.5,1.5,1.5Zm-.5-2.5c0-.276.224-.5.5-.5h8c.276,0,.5.224.5.5v1c0,.276-.224.5-.5.5H4.5c-.276,0-.5-.224-.5-.5v-1Zm12.5,7.5h3c.827,0,1.5-.673,1.5-1.5v-6c0-.827-.673-1.5-1.5-1.5h-3c-.827,0-1.5.673-1.5,1.5v6c0,.827.673,1.5,1.5,1.5Zm-.5-7.5c0-.276.224-.5.5-.5h3c.276,0,.5.224.5.5v6c0,.276-.224.5-.5.5h-3c-.276,0-.5-.224-.5-.5v-6Zm-11.5,7.5h8c.827,0,1.5-.673,1.5-1.5v-1c0-.827-.673-1.5-1.5-1.5H4.5c-.827,0-1.5.673-1.5,1.5v1c0,.827.673,1.5,1.5,1.5Zm-.5-2.5c0-.276.224-.5.5-.5h8c.276,0,.5.224.5.5v1c0,.276-.224.5-.5.5H4.5c-.276,0-.5-.224-.5-.5v-1ZM19.5,1H4.5C2.019,1,0,3.019,0,5.5v13c0,2.481,2.019,4.5,4.5,4.5h15c2.481,0,4.5-2.019,4.5-4.5V5.5c0-2.481-2.019-4.5-4.5-4.5Zm3.5,17.5c0,1.93-1.57,3.5-3.5,3.5H4.5c-1.93,0-3.5-1.57-3.5-3.5v-9.5h22v9.5Zm0-10.5H1v-2.5c0-1.93,1.57-3.5,3.5-3.5h15c1.93,0,3.5,1.57,3.5,3.5v2.5Zm-12-3c0,.552-.448,1-1,1s-1-.448-1-1,.448-1,1-1,1,.448,1,1Zm-6,0c0,.552-.448,1-1,1s-1-.448-1-1,.448-1,1-1,1,.448,1,1Zm3,0c0,.552-.448,1-1,1s-1-.448-1-1,.448-1,1-1,1,.448,1,1Z\"><\/path><\/svg>\t\t\t<\/div>\n\t\t<\/div>\n\t\t\t\t\t\t<\/div>\n\t\t\t\t<\/div>\n\t\t\t\t<\/div>\n\t\t<div class=\"elementor-element elementor-element-caa9ab6 e-con-full e-flex e-con e-child\" data-id=\"caa9ab6\" data-element_type=\"container\">\n\t\t\t\t<div class=\"elementor-element elementor-element-c937b3d elementor-widget elementor-widget-heading\" data-id=\"c937b3d\" data-element_type=\"widget\" data-widget_type=\"heading.default\">\n\t\t\t\t<div class=\"elementor-widget-container\">\n\t\t\t\t\t<h2 class=\"elementor-heading-title elementor-size-default\">Llocs web<\/h2>\t\t\t\t<\/div>\n\t\t\t\t<\/div>\n\t\t\t\t<div class=\"elementor-element elementor-element-247adf3 elementor-widget elementor-widget-text-editor\" data-id=\"247adf3\" data-element_type=\"widget\" data-widget_type=\"text-editor.default\">\n\t\t\t\t<div class=\"elementor-widget-container\">\n\t\t\t\t\t\t\t\t\t<p>Desenvolupem llocs web impactants i funcionals, dissenyats per destacar la vostra marca i oferir una experi\u00e8ncia d&#8217;usuari excepcional. Creem plataformes intu\u00eftives, r\u00e0pides i optimitzades per a tots els dispositius, que no nom\u00e9s atrauen visitants, sin\u00f3 que tamb\u00e9 els converteixen en clients. Des de p\u00e0gines corporatives fins a botigues en l\u00ednia, assegurem que la teva pres\u00e8ncia digital sigui el reflex perfecte de la teva visi\u00f3 i els teus objectius.  <\/p>\t\t\t\t\t\t\t\t<\/div>\n\t\t\t\t<\/div>\n\t\t\t\t<\/div>\n\t\t\t\t<\/div>\n\t\t\t\t<div class=\"elementor-element elementor-element-c4b9f0d elementor-widget-divider--view-line elementor-widget elementor-widget-divider\" data-id=\"c4b9f0d\" data-element_type=\"widget\" data-widget_type=\"divider.default\">\n\t\t\t\t<div class=\"elementor-widget-container\">\n\t\t\t\t\t\t\t<div class=\"elementor-divider\">\n\t\t\t<span class=\"elementor-divider-separator\">\n\t\t\t\t\t\t<\/span>\n\t\t<\/div>\n\t\t\t\t\t\t<\/div>\n\t\t\t\t<\/div>\n\t\t\t\t<\/div>\n\t\t<div class=\"elementor-element elementor-element-7ad0f52 e-con-full e-flex elementor-invisible e-con e-parent\" data-id=\"7ad0f52\" data-element_type=\"container\" data-settings=\"{&quot;animation&quot;:&quot;fadeIn&quot;}\">\n\t\t<div class=\"elementor-element elementor-element-d57b0fe e-con-full e-flex e-con e-child\" data-id=\"d57b0fe\" data-element_type=\"container\">\n\t\t<div class=\"elementor-element elementor-element-fffed2e e-con-full e-flex e-con e-child\" data-id=\"fffed2e\" data-element_type=\"container\">\n\t\t\t\t<div class=\"elementor-element elementor-element-24fbf24 elementor-view-default elementor-widget elementor-widget-icon\" data-id=\"24fbf24\" data-element_type=\"widget\" data-widget_type=\"icon.default\">\n\t\t\t\t<div class=\"elementor-widget-container\">\n\t\t\t\t\t\t\t<div class=\"elementor-icon-wrapper\">\n\t\t\t<div class=\"elementor-icon\">\n\t\t\t<svg xmlns=\"http:\/\/www.w3.org\/2000\/svg\" id=\"Layer_1\" data-name=\"Layer 1\" viewBox=\"0 0 24 24\"><path d=\"m21,11.5v8c0,2.481-2.019,4.5-4.5,4.5H4.5c-2.481,0-4.5-2.019-4.5-4.5V7.5C0,5.019,2.019,3,4.5,3h9c.276,0,.5.224.5.5s-.224.5-.5.5H4.5c-1.93,0-3.5,1.57-3.5,3.5v12c0,1.93,1.57,3.5,3.5,3.5h12c1.93,0,3.5-1.57,3.5-3.5v-8c0-.276.224-.5.5-.5s.5.224.5.5Zm2.162-6.607l-9.183,9.825c-.048.796-.348,1.545-.896,2.145-.662.723-1.603,1.138-2.583,1.138h-4c-.485,0-.928-.224-1.214-.612-.287-.39-.369-.879-.225-1.343.5-1.61,2.039-4.469,4.632-4.97.183-.035.367-.04.551-.047C19.063.885,19.094.854,19.11.838c1.118-1.117,2.936-1.114,4.052.002,1.115,1.117,1.115,2.936,0,4.053Zm-9.341,8.528l2.066-2.21c-.323-1.18-1.355-2.06-2.573-2.188-.664.763-1.304,1.5-1.877,2.159.419.126.823.31,1.18.58.579.436.988,1.011,1.204,1.66Zm-.832.849c-.06-.675-.406-1.282-.975-1.711-.612-.461-1.39-.647-2.132-.501-2.13.411-3.433,2.886-3.867,4.284-.049.157-.021.322.075.453.096.13.246.205.409.205h4c.7,0,1.372-.296,1.845-.812.479-.524.708-1.205.645-1.918ZM22.454,1.547c-.726-.728-1.91-.728-2.637-.002-.075.085-2.976,3.421-5.749,6.61,1.146.323,2.102,1.147,2.585,2.236l5.789-6.193c.737-.739.737-1.923.011-2.65Z\"><\/path><\/svg>\t\t\t<\/div>\n\t\t<\/div>\n\t\t\t\t\t\t<\/div>\n\t\t\t\t<\/div>\n\t\t\t\t<\/div>\n\t\t<div class=\"elementor-element elementor-element-cae43fc e-con-full e-flex e-con e-child\" data-id=\"cae43fc\" data-element_type=\"container\">\n\t\t\t\t<div class=\"elementor-element elementor-element-669710a elementor-widget elementor-widget-heading\" data-id=\"669710a\" data-element_type=\"widget\" data-widget_type=\"heading.default\">\n\t\t\t\t<div class=\"elementor-widget-container\">\n\t\t\t\t\t<h2 class=\"elementor-heading-title elementor-size-default\">Branding<\/h2>\t\t\t\t<\/div>\n\t\t\t\t<\/div>\n\t\t\t\t<div class=\"elementor-element elementor-element-be139a2 elementor-widget elementor-widget-text-editor\" data-id=\"be139a2\" data-element_type=\"widget\" data-widget_type=\"text-editor.default\">\n\t\t\t\t<div class=\"elementor-widget-container\">\n\t\t\t\t\t\t\t\t\t<p>Constru\u00efm identitats de marca \u00faniques i memorables que connecten amb els clients i comuniquen els valors del teu negoci. Des de la creaci\u00f3 de logotips fins al desenvolupament de l\u00ednies gr\u00e0fiques completes, treballem amb tu per dissenyar una imatge coherent, moderna i poderosa que destaqui al mercat. <\/p>\t\t\t\t\t\t\t\t<\/div>\n\t\t\t\t<\/div>\n\t\t\t\t<\/div>\n\t\t\t\t<\/div>\n\t\t\t\t<div class=\"elementor-element elementor-element-e1f62a7 elementor-widget-divider--view-line elementor-widget elementor-widget-divider\" data-id=\"e1f62a7\" data-element_type=\"widget\" data-widget_type=\"divider.default\">\n\t\t\t\t<div class=\"elementor-widget-container\">\n\t\t\t\t\t\t\t<div class=\"elementor-divider\">\n\t\t\t<span class=\"elementor-divider-separator\">\n\t\t\t\t\t\t<\/span>\n\t\t<\/div>\n\t\t\t\t\t\t<\/div>\n\t\t\t\t<\/div>\n\t\t\t\t<\/div>\n\t\t<div class=\"elementor-element elementor-element-5f86b9c e-con-full e-flex elementor-invisible e-con e-parent\" data-id=\"5f86b9c\" data-element_type=\"container\" data-settings=\"{&quot;animation&quot;:&quot;fadeIn&quot;}\">\n\t\t<div class=\"elementor-element elementor-element-b12bea8 e-con-full e-flex e-con e-child\" data-id=\"b12bea8\" data-element_type=\"container\">\n\t\t<div class=\"elementor-element elementor-element-7e0f872 e-con-full e-flex e-con e-child\" data-id=\"7e0f872\" data-element_type=\"container\">\n\t\t\t\t<div class=\"elementor-element elementor-element-73f4877 elementor-view-default elementor-widget elementor-widget-icon\" data-id=\"73f4877\" data-element_type=\"widget\" data-widget_type=\"icon.default\">\n\t\t\t\t<div class=\"elementor-widget-container\">\n\t\t\t\t\t\t\t<div class=\"elementor-icon-wrapper\">\n\t\t\t<div class=\"elementor-icon\">\n\t\t\t<svg xmlns=\"http:\/\/www.w3.org\/2000\/svg\" id=\"Layer_1\" data-name=\"Layer 1\" viewBox=\"0 0 24 24\"><path d=\"M12,7c1.103,0,2-.897,2-2s-.897-2-2-2-2,.897-2,2,.897,2,2,2Zm0-3c.552,0,1,.449,1,1s-.448,1-1,1-1-.449-1-1,.448-1,1-1Zm6.5,8c-.842,0-1.638,.196-2.352,.536l-.935-1.582c1.382-1,2.287-2.622,2.287-4.455,0-3.033-2.468-5.5-5.5-5.5S6.5,3.467,6.5,6.5c0,1.833,.905,3.454,2.287,4.454l-.935,1.582c-.714-.34-1.51-.536-2.352-.536-3.032,0-5.5,2.467-5.5,5.5s2.468,5.5,5.5,5.5c2.863,0,5.221-2.201,5.475-5h2.051c.254,2.799,2.611,5,5.475,5,3.032,0,5.5-2.467,5.5-5.5s-2.468-5.5-5.5-5.5Zm-4.5-1.49c-.605,.303-1.278,.49-2,.49s-1.395-.187-2-.49v-.51c0-.551,.448-1,1-1h2c.552,0,1,.449,1,1v.51ZM7.5,6.5c0-2.481,2.019-4.5,4.5-4.5s4.5,2.019,4.5,4.5c0,1.332-.593,2.518-1.516,3.343-.082-1.028-.935-1.843-1.984-1.843h-2c-1.049,0-1.902,.814-1.984,1.843-.923-.825-1.516-2.011-1.516-3.343Zm2.148,4.964c.714,.34,1.51,.536,2.352,.536s1.638-.196,2.352-.536l.935,1.582c-1.255,.908-2.114,2.328-2.261,3.954h-2.051c-.147-1.626-1.007-3.047-2.262-3.954l.935-1.582ZM3.5,21.51v-.51c0-.551,.448-1,1-1h2c.552,0,1,.449,1,1v.51c-.605,.303-1.278,.49-2,.49s-1.395-.187-2-.49Zm4.984-.667c-.082-1.028-.935-1.843-1.984-1.843h-2c-1.049,0-1.902,.814-1.984,1.843-.923-.825-1.516-2.011-1.516-3.343,0-2.481,2.019-4.5,4.5-4.5s4.5,2.019,4.5,4.5c0,1.332-.593,2.518-1.516,3.343Zm8.016,.667v-.51c0-.551,.448-1,1-1h2c.552,0,1,.449,1,1v.51c-.605,.303-1.278,.49-2,.49s-1.395-.187-2-.49Zm4.984-.667c-.082-1.028-.935-1.843-1.984-1.843h-2c-1.049,0-1.902,.814-1.984,1.843-.923-.825-1.516-2.011-1.516-3.343,0-2.481,2.019-4.5,4.5-4.5s4.5,2.019,4.5,4.5c0,1.332-.593,2.518-1.516,3.343Zm-2.984-6.843c-1.103,0-2,.897-2,2s.897,2,2,2,2-.897,2-2-.897-2-2-2Zm0,3c-.552,0-1-.449-1-1s.448-1,1-1,1,.449,1,1-.448,1-1,1Zm-13-3c-1.103,0-2,.897-2,2s.897,2,2,2,2-.897,2-2-.897-2-2-2Zm0,3c-.552,0-1-.449-1-1s.448-1,1-1,1,.449,1,1-.448,1-1,1Z\"><\/path><\/svg>\t\t\t<\/div>\n\t\t<\/div>\n\t\t\t\t\t\t<\/div>\n\t\t\t\t<\/div>\n\t\t\t\t<\/div>\n\t\t<div class=\"elementor-element elementor-element-3527d67 e-con-full e-flex e-con e-child\" data-id=\"3527d67\" data-element_type=\"container\">\n\t\t\t\t<div class=\"elementor-element elementor-element-4423ce0 elementor-widget elementor-widget-heading\" data-id=\"4423ce0\" data-element_type=\"widget\" data-widget_type=\"heading.default\">\n\t\t\t\t<div class=\"elementor-widget-container\">\n\t\t\t\t\t<h2 class=\"elementor-heading-title elementor-size-default\">Xarxes Socials<\/h2>\t\t\t\t<\/div>\n\t\t\t\t<\/div>\n\t\t\t\t<div class=\"elementor-element elementor-element-5a644c5 elementor-widget elementor-widget-text-editor\" data-id=\"5a644c5\" data-element_type=\"widget\" data-widget_type=\"text-editor.default\">\n\t\t\t\t<div class=\"elementor-widget-container\">\n\t\t\t\t\t\t\t\t\t<p>Gestionem les xarxes socials amb estrat\u00e8gies creatives i contingut rellevant que connecten amb la teva audi\u00e8ncia. Des de la planificaci\u00f3 de campanyes fins a la gesti\u00f3 di\u00e0ria, ajudem a construir una comunitat s\u00f2lida que impulsi la fidelitat i el creixement de la teva marca. <\/p>\t\t\t\t\t\t\t\t<\/div>\n\t\t\t\t<\/div>\n\t\t\t\t<\/div>\n\t\t\t\t<\/div>\n\t\t\t\t<div class=\"elementor-element elementor-element-cb904da elementor-widget-divider--view-line elementor-widget elementor-widget-divider\" data-id=\"cb904da\" data-element_type=\"widget\" data-widget_type=\"divider.default\">\n\t\t\t\t<div class=\"elementor-widget-container\">\n\t\t\t\t\t\t\t<div class=\"elementor-divider\">\n\t\t\t<span class=\"elementor-divider-separator\">\n\t\t\t\t\t\t<\/span>\n\t\t<\/div>\n\t\t\t\t\t\t<\/div>\n\t\t\t\t<\/div>\n\t\t\t\t<\/div>\n\t\t<div class=\"elementor-element elementor-element-37d30f1 e-con-full e-flex elementor-invisible e-con e-parent\" data-id=\"37d30f1\" data-element_type=\"container\" data-settings=\"{&quot;animation&quot;:&quot;fadeIn&quot;}\">\n\t\t<div class=\"elementor-element elementor-element-d68beb1 e-con-full e-flex e-con e-child\" data-id=\"d68beb1\" data-element_type=\"container\">\n\t\t<div class=\"elementor-element elementor-element-0fe0d96 e-con-full e-flex e-con e-child\" data-id=\"0fe0d96\" data-element_type=\"container\">\n\t\t\t\t<div class=\"elementor-element elementor-element-fbe1126 elementor-view-default elementor-widget elementor-widget-icon\" data-id=\"fbe1126\" data-element_type=\"widget\" data-widget_type=\"icon.default\">\n\t\t\t\t<div class=\"elementor-widget-container\">\n\t\t\t\t\t\t\t<div class=\"elementor-icon-wrapper\">\n\t\t\t<div class=\"elementor-icon\">\n\t\t\t<svg xmlns=\"http:\/\/www.w3.org\/2000\/svg\" id=\"Layer_1\" data-name=\"Layer 1\" viewBox=\"0 0 24 24\"><path d=\"m23,6.5v-3c0-1.379-1.121-2.5-2.5-2.5H3.5c-1.379,0-2.5,1.121-2.5,2.5v3c0,.817.394,1.544,1.001,2-.608.456-1.001,1.183-1.001,2v3c0,.817.394,1.544,1.001,2-.608.456-1.001,1.183-1.001,2v5.5h22v-5.5c0-.817-.394-1.544-1.001-2,.608-.456,1.001-1.183,1.001-2v-3c0-.817-.394-1.544-1.001-2,.608-.456,1.001-1.183,1.001-2Zm-1,11v4.5H2v-4.5c0-.827.673-1.5,1.5-1.5h1.5v2h1v-2h3v2h1v-2h10.5c.827,0,1.5.673,1.5,1.5Zm0-7v3c0,.827-.673,1.5-1.5,1.5H3.5c-.827,0-1.5-.673-1.5-1.5v-3c0-.827.673-1.5,1.5-1.5h1.5v2h1v-2h3v2h1v-2h10.5c.827,0,1.5.673,1.5,1.5Zm0-4c0,.827-.673,1.5-1.5,1.5H3.5c-.827,0-1.5-.673-1.5-1.5v-3c0-.827.673-1.5,1.5-1.5h1.5v2h1v-2h3v2h1v-2h10.5c.827,0,1.5.673,1.5,1.5v3Z\"><\/path><\/svg>\t\t\t<\/div>\n\t\t<\/div>\n\t\t\t\t\t\t<\/div>\n\t\t\t\t<\/div>\n\t\t\t\t<\/div>\n\t\t<div class=\"elementor-element elementor-element-9531529 e-con-full e-flex e-con e-child\" data-id=\"9531529\" data-element_type=\"container\">\n\t\t\t\t<div class=\"elementor-element elementor-element-ba3c844 elementor-widget elementor-widget-heading\" data-id=\"ba3c844\" data-element_type=\"widget\" data-widget_type=\"heading.default\">\n\t\t\t\t<div class=\"elementor-widget-container\">\n\t\t\t\t\t<h2 class=\"elementor-heading-title elementor-size-default\">Solucions Tecnol\u00f2giques\n<\/h2>\t\t\t\t<\/div>\n\t\t\t\t<\/div>\n\t\t\t\t<div class=\"elementor-element elementor-element-a588031 elementor-widget elementor-widget-text-editor\" data-id=\"a588031\" data-element_type=\"widget\" data-widget_type=\"text-editor.default\">\n\t\t\t\t<div class=\"elementor-widget-container\">\n\t\t\t\t\t\t\t\t\t<p>Oferim solucions tecnol\u00f2giques innovadores que simplifiquen processos, milloren l&#8217;efici\u00e8ncia i acceleren el creixement del teu negoci. Ja sigui mitjan\u00e7ant aplicacions personalitzades, automatitzaci\u00f3 de processos o eines de gesti\u00f3, us ajudem a optimitzar la vostra operaci\u00f3 amb tecnologia d&#8217;avantguarda. <\/p>\t\t\t\t\t\t\t\t<\/div>\n\t\t\t\t<\/div>\n\t\t\t\t<\/div>\n\t\t\t\t<\/div>\n\t\t\t\t<div class=\"elementor-element elementor-element-c88ae1a elementor-widget-divider--view-line elementor-widget elementor-widget-divider\" data-id=\"c88ae1a\" data-element_type=\"widget\" data-widget_type=\"divider.default\">\n\t\t\t\t<div class=\"elementor-widget-container\">\n\t\t\t\t\t\t\t<div class=\"elementor-divider\">\n\t\t\t<span class=\"elementor-divider-separator\">\n\t\t\t\t\t\t<\/span>\n\t\t<\/div>\n\t\t\t\t\t\t<\/div>\n\t\t\t\t<\/div>\n\t\t\t\t<\/div>\n\t\t<div class=\"elementor-element elementor-element-6a8de04 e-con-full e-flex elementor-invisible e-con e-parent\" data-id=\"6a8de04\" data-element_type=\"container\" data-settings=\"{&quot;animation&quot;:&quot;fadeIn&quot;}\">\n\t\t<div class=\"elementor-element elementor-element-69a1ecd e-con-full e-flex e-con e-child\" data-id=\"69a1ecd\" data-element_type=\"container\">\n\t\t<div class=\"elementor-element elementor-element-37d2226 e-con-full e-flex e-con e-child\" data-id=\"37d2226\" data-element_type=\"container\">\n\t\t\t\t<div class=\"elementor-element elementor-element-f9b2e4b elementor-view-default elementor-widget elementor-widget-icon\" data-id=\"f9b2e4b\" data-element_type=\"widget\" data-widget_type=\"icon.default\">\n\t\t\t\t<div class=\"elementor-widget-container\">\n\t\t\t\t\t\t\t<div class=\"elementor-icon-wrapper\">\n\t\t\t<div class=\"elementor-icon\">\n\t\t\t<svg xmlns=\"http:\/\/www.w3.org\/2000\/svg\" id=\"Layer_1\" data-name=\"Layer 1\" viewBox=\"0 0 24 24\"><path d=\"m24,4.5v6c0,2.481-2.019,4.5-4.5,4.5-.276,0-.5-.224-.5-.5s.224-.5.5-.5c1.93,0,3.5-1.57,3.5-3.5v-6c0-1.93-1.57-3.5-3.5-3.5H4.5c-1.93,0-3.5,1.57-3.5,3.5v6c0,1.93,1.57,3.5,3.5,3.5.276,0,.5.224.5.5s-.224.5-.5.5c-2.481,0-4.5-2.019-4.5-4.5v-6C0,2.019,2.019,0,4.5,0h15c2.481,0,4.5,2.019,4.5,4.5Zm-5.146,18.646c.195.195.195.512,0,.707-.098.098-.226.146-.354.146s-.256-.049-.354-.146l-2.984-2.984c-.862.706-1.964,1.13-3.162,1.13-2.757,0-5-2.243-5-5s2.243-5,5-5,5,2.243,5,5c0,1.199-.424,2.3-1.131,3.163l2.984,2.984Zm-6.854-2.146c2.206,0,4-1.794,4-4s-1.794-4-4-4-4,1.794-4,4,1.794,4,4,4Zm4.614-11c.244,0,.471-.151.601-.4l.831-1.6.831,1.6c.129.249.356.4.601.4.368,0,.675-.339.706-.779l.314-3.659c.026-.302-.212-.562-.515-.562h-.002c-.27,0-.495.208-.516.477l-.21,2.681-.75-1.443c-.193-.372-.725-.372-.918,0l-.75,1.443-.212-2.681c-.021-.269-.246-.477-.516-.477-.303,0-.541.26-.515.562l.314,3.659c.031.44.337.779.706.779Zm-6,0c.244,0,.471-.151.601-.4l.831-1.6.831,1.6c.129.249.356.4.601.4.368,0,.675-.339.706-.779l.314-3.659c.026-.302-.212-.562-.515-.562h-.002c-.27,0-.495.208-.516.477l-.21,2.681-.75-1.443c-.193-.372-.725-.372-.918,0l-.75,1.443-.212-2.681c-.021-.269-.246-.477-.516-.477-.303,0-.541.26-.515.562l.314,3.659c.031.44.337.779.706.779Zm-3.136,0c.368,0,.675-.339.706-.779l.314-3.659c.026-.302-.212-.562-.515-.562h-.002c-.27,0-.495.208-.516.477l-.21,2.681-.75-1.443c-.193-.372-.725-.372-.918,0l-.75,1.443-.212-2.681c-.021-.269-.246-.477-.516-.477-.303,0-.541.26-.515.562l.314,3.659c.031.44.337.779.706.779.244,0,.471-.151.601-.4l.831-1.6.831,1.6c.129.249.356.4.601.4Z\"><\/path><\/svg>\t\t\t<\/div>\n\t\t<\/div>\n\t\t\t\t\t\t<\/div>\n\t\t\t\t<\/div>\n\t\t\t\t<\/div>\n\t\t<div class=\"elementor-element elementor-element-b1b885d e-con-full e-flex e-con e-child\" data-id=\"b1b885d\" data-element_type=\"container\">\n\t\t\t\t<div class=\"elementor-element elementor-element-96c3fc2 elementor-widget elementor-widget-heading\" data-id=\"96c3fc2\" data-element_type=\"widget\" data-widget_type=\"heading.default\">\n\t\t\t\t<div class=\"elementor-widget-container\">\n\t\t\t\t\t<h2 class=\"elementor-heading-title elementor-size-default\">Posicionament<\/h2>\t\t\t\t<\/div>\n\t\t\t\t<\/div>\n\t\t\t\t<div class=\"elementor-element elementor-element-66e2f08 elementor-widget elementor-widget-text-editor\" data-id=\"66e2f08\" data-element_type=\"widget\" data-widget_type=\"text-editor.default\">\n\t\t\t\t<div class=\"elementor-widget-container\">\n\t\t\t\t\t\t\t\t\t<p>Impulsem la teva marca perqu\u00e8 ocupi un lloc destacat al mercat, incrementant la seva visibilitat i rellev\u00e0ncia. Combinem estrat\u00e8gies de SEO, SEM i contingut optimitzat per assegurar que els teus clients et trobin en el moment adequat i en el lloc correcte.&#8221; <\/p>\t\t\t\t\t\t\t\t<\/div>\n\t\t\t\t<\/div>\n\t\t\t\t<\/div>\n\t\t\t\t<\/div>\n\t\t\t\t<div class=\"elementor-element elementor-element-f37b020 elementor-widget-divider--view-line elementor-widget elementor-widget-divider\" data-id=\"f37b020\" data-element_type=\"widget\" data-widget_type=\"divider.default\">\n\t\t\t\t<div class=\"elementor-widget-container\">\n\t\t\t\t\t\t\t<div class=\"elementor-divider\">\n\t\t\t<span class=\"elementor-divider-separator\">\n\t\t\t\t\t\t<\/span>\n\t\t<\/div>\n\t\t\t\t\t\t<\/div>\n\t\t\t\t<\/div>\n\t\t\t\t<\/div>\n\t\t<div class=\"elementor-element elementor-element-9df073e e-con-full e-flex elementor-invisible e-con e-parent\" data-id=\"9df073e\" data-element_type=\"container\" data-settings=\"{&quot;animation&quot;:&quot;fadeIn&quot;}\">\n\t\t<div class=\"elementor-element elementor-element-f5bc0f0 e-con-full e-flex e-con e-child\" data-id=\"f5bc0f0\" data-element_type=\"container\">\n\t\t<div class=\"elementor-element elementor-element-e39447f e-con-full e-flex e-con e-child\" data-id=\"e39447f\" data-element_type=\"container\">\n\t\t\t\t<div class=\"elementor-element elementor-element-962e745 elementor-view-default elementor-widget elementor-widget-icon\" data-id=\"962e745\" data-element_type=\"widget\" data-widget_type=\"icon.default\">\n\t\t\t\t<div class=\"elementor-widget-container\">\n\t\t\t\t\t\t\t<div class=\"elementor-icon-wrapper\">\n\t\t\t<div class=\"elementor-icon\">\n\t\t\t<svg xmlns=\"http:\/\/www.w3.org\/2000\/svg\" id=\"Layer_1\" data-name=\"Layer 1\" viewBox=\"0 0 24 24\"><path d=\"m12,9c-1.654,0-3,1.346-3,3s1.346,3,3,3,3-1.346,3-3-1.346-3-3-3Zm0,5c-1.103,0-2-.897-2-2s.897-2,2-2,2,.897,2,2-.897,2-2,2ZM7.5,6c-1.379,0-2.5,1.121-2.5,2.5v7c0,1.379,1.121,2.5,2.5,2.5h9c1.379,0,2.5-1.121,2.5-2.5v-7c0-1.379-1.121-2.5-2.5-2.5h-1.227l-.843-1.311c-.277-.432-.748-.689-1.262-.689h-2.338c-.514,0-.984.258-1.262.688l-.843,1.312h-1.227Zm10.5,2.5v7c0,.827-.673,1.5-1.5,1.5H7.5c-.827,0-1.5-.673-1.5-1.5v-7c0-.827.673-1.5,1.5-1.5h9c.827,0,1.5.673,1.5,1.5Zm-7.589-3.271c.092-.143.249-.229.42-.229h2.338c.171,0,.328.086.42.229l.495.771h-4.168l.495-.771Zm-2.411,18.271c0,.276-.224.5-.5.5h-3c-2.481,0-4.5-2.019-4.5-4.5v-3c0-.276.224-.5.5-.5s.5.224.5.5v3c0,1.93,1.57,3.5,3.5,3.5h3c.276,0,.5.224.5.5Zm16-7v3c0,2.481-2.019,4.5-4.5,4.5h-3c-.276,0-.5-.224-.5-.5s.224-.5.5-.5h3c1.93,0,3.5-1.57,3.5-3.5v-3c0-.276.224-.5.5-.5s.5.224.5.5Zm0-12v3c0,.276-.224.5-.5.5s-.5-.224-.5-.5v-3c0-1.93-1.57-3.5-3.5-3.5h-3c-.276,0-.5-.224-.5-.5s.224-.5.5-.5h3c2.481,0,4.5,2.019,4.5,4.5ZM0,7.5v-3C0,2.019,2.019,0,4.5,0h3c.276,0,.5.224.5.5s-.224.5-.5.5h-3c-1.93,0-3.5,1.57-3.5,3.5v3c0,.276-.224.5-.5.5s-.5-.224-.5-.5Z\"><\/path><\/svg>\t\t\t<\/div>\n\t\t<\/div>\n\t\t\t\t\t\t<\/div>\n\t\t\t\t<\/div>\n\t\t\t\t<\/div>\n\t\t<div class=\"elementor-element elementor-element-9c2bbf1 e-con-full e-flex e-con e-child\" data-id=\"9c2bbf1\" data-element_type=\"container\">\n\t\t\t\t<div class=\"elementor-element elementor-element-4328807 elementor-widget elementor-widget-heading\" data-id=\"4328807\" data-element_type=\"widget\" data-widget_type=\"heading.default\">\n\t\t\t\t<div class=\"elementor-widget-container\">\n\t\t\t\t\t<h2 class=\"elementor-heading-title elementor-size-default\">Audiovisuals\n<\/h2>\t\t\t\t<\/div>\n\t\t\t\t<\/div>\n\t\t\t\t<div class=\"elementor-element elementor-element-fb94c44 elementor-widget elementor-widget-text-editor\" data-id=\"fb94c44\" data-element_type=\"widget\" data-widget_type=\"text-editor.default\">\n\t\t\t\t<div class=\"elementor-widget-container\">\n\t\t\t\t\t\t\t\t\t<p>Produccions audiovisuals d&#8217;alt impacte que expliquen hist\u00f2ries, transmeten emocions i deixen empremta. Des de v\u00eddeos corporatius fins a continguts per a xarxes socials, dissenyem peces que capturen l&#8217;ess\u00e8ncia de la teva marca i captiven la teva audi\u00e8ncia. <\/p>\t\t\t\t\t\t\t\t<\/div>\n\t\t\t\t<\/div>\n\t\t\t\t<\/div>\n\t\t\t\t<\/div>\n\t\t\t\t<div class=\"elementor-element elementor-element-25bf073 elementor-widget-divider--view-line elementor-widget elementor-widget-divider\" data-id=\"25bf073\" data-element_type=\"widget\" data-widget_type=\"divider.default\">\n\t\t\t\t<div class=\"elementor-widget-container\">\n\t\t\t\t\t\t\t<div class=\"elementor-divider\">\n\t\t\t<span class=\"elementor-divider-separator\">\n\t\t\t\t\t\t<\/span>\n\t\t<\/div>\n\t\t\t\t\t\t<\/div>\n\t\t\t\t<\/div>\n\t\t\t\t<\/div>\n\t\t\t\t<\/div>\n\t\t","protected":false},"excerpt":{"rendered":"<p>Oferim un portafoli complet de serveis dissenyats per impulsar la teva marca, negoci o organitzaci\u00f3 al seg\u00fcent nivell. Des del disseny de llocs web impactants fins a la creaci\u00f3 d&#8217;identitats de marca memorables, combinem creativitat, tecnologia i estrat\u00e8gia per obtenir resultats excepcionals. Llocs web Desenvolupem llocs web impactants i funcionals, dissenyats per destacar la vostra [&hellip;]<\/p>\n","protected":false},"author":1,"featured_media":0,"parent":0,"menu_order":0,"comment_status":"closed","ping_status":"closed","template":"","meta":{"footnotes":""},"class_list":["post-1020","page","type-page","status-publish","hentry"],"acf":[],"_links":{"self":[{"href":"https:\/\/damosenelblanco.com\/ca\/wp-json\/wp\/v2\/pages\/1020","targetHints":{"allow":["GET"]}}],"collection":[{"href":"https:\/\/damosenelblanco.com\/ca\/wp-json\/wp\/v2\/pages"}],"about":[{"href":"https:\/\/damosenelblanco.com\/ca\/wp-json\/wp\/v2\/types\/page"}],"author":[{"embeddable":true,"href":"https:\/\/damosenelblanco.com\/ca\/wp-json\/wp\/v2\/users\/1"}],"replies":[{"embeddable":true,"href":"https:\/\/damosenelblanco.com\/ca\/wp-json\/wp\/v2\/comments?post=1020"}],"version-history":[{"count":2,"href":"https:\/\/damosenelblanco.com\/ca\/wp-json\/wp\/v2\/pages\/1020\/revisions"}],"predecessor-version":[{"id":1445,"href":"https:\/\/damosenelblanco.com\/ca\/wp-json\/wp\/v2\/pages\/1020\/revisions\/1445"}],"wp:attachment":[{"href":"https:\/\/damosenelblanco.com\/ca\/wp-json\/wp\/v2\/media?parent=1020"}],"curies":[{"name":"wp","href":"https:\/\/api.w.org\/{rel}","templated":true}]}}